{"id":544,"date":"2025-12-01T10:02:20","date_gmt":"2025-12-01T10:02:20","guid":{"rendered":"https:\/\/barbarajansen.be\/?page_id=544"},"modified":"2026-01-09T16:28:21","modified_gmt":"2026-01-09T16:28:21","slug":"blog","status":"publish","type":"page","link":"https:\/\/barbarajansen.be\/fr\/blog\/","title":{"rendered":"Blog"},"content":{"rendered":"<div data-elementor-type=\"wp-page\" data-elementor-id=\"544\" class=\"elementor elementor-544\" data-elementor-post-type=\"page\">\n\t\t\t\t<div class=\"elementor-element elementor-element-4c8aa991 e-flex e-con-boxed e-con e-parent\" data-id=\"4c8aa991\" data-element_type=\"container\" data-e-type=\"container\" data-settings=\"{&quot;background_background&quot;:&quot;classic&quot;}\">\n\t\t\t\t\t<div class=\"e-con-inner\">\n\t\t\t\t<div class=\"elementor-element elementor-element-6f0bffb4 elementor-invisible elementor-widget elementor-widget-heading\" data-id=\"6f0bffb4\" data-element_type=\"widget\" data-e-type=\"widget\" data-settings=\"{&quot;_animation&quot;:&quot;fadeIn&quot;}\" data-widget_type=\"heading.default\">\n\t\t\t\t\t<h2 class=\"elementor-heading-title elementor-size-default\">Le blog de Barbara<\/h2>\t\t\t\t<\/div>\n\t\t\t\t\t<\/div>\n\t\t\t\t<\/div>\n\t\t<div class=\"elementor-element elementor-element-8958745 e-flex e-con-boxed e-con e-parent\" data-id=\"8958745\" data-element_type=\"container\" data-e-type=\"container\">\n\t\t\t\t\t<div class=\"e-con-inner\">\n\t\t\t\t<div class=\"elementor-element elementor-element-3b5a779c ekit-blog-posts--bg-hover bg-hover-classic elementor-invisible elementor-widget elementor-widget-elementskit-blog-posts\" data-id=\"3b5a779c\" data-element_type=\"widget\" data-e-type=\"widget\" data-settings=\"{&quot;_animation&quot;:&quot;fadeIn&quot;,&quot;_animation_delay&quot;:400}\" data-widget_type=\"elementskit-blog-posts.default\">\n\t\t\t\t\t<div class=\"ekit-wid-con\" >        <div id=\"post-items--3b5a779c\" class=\"row post-items\">\n                    <div class=\"col-lg-4 col-md-6\">\n\n                                    <div class=\"elementskit-post-image-card\">\n                        <div class=\"elementskit-entry-header\">\n                                                            <a href=\"https:\/\/barbarajansen.be\/fr\/wat-is-rese7\/\" class=\"elementskit-entry-thumb\">\n                                    <img decoding=\"async\" src=\"https:\/\/barbarajansen.be\/wp-content\/uploads\/2025\/11\/6e24e1e4-4387-4c93-848e-34ae8fee6456.webp\" alt=\"Wat is RESE7?\">\n                                <\/a><!-- .elementskit-entry-thumb END -->\n                                                            \n                            \n\t\t\t\t\t\t\t\t\t\t\t\t\t<\/div><!-- .elementskit-entry-header END -->\n\n\t\t\t\t\t\t<div class=\"elementskit-post-body\">\n\t\t\t\t\t\t\t\t\t\t\t\t\t\t\t\t\t\t\t\t<h2 class=\"entry-title\">\n\t\t\t\t\t<a href=\"https:\/\/barbarajansen.be\/fr\/wat-is-rese7\/\">\n\t\t\t\t\t\tQu\u2019est-ce que la m\u00e9thode RESE7 ?\t\t\t\t\t<\/a>\n\t\t\t\t<\/h2>\n\t\t\t\t\t\t\t\t\t\t\t\n\t\t\t\t\t\t\t\t\t\t\t\t\t\t\t\t\t\t\t\t\t\t\t\t\t\t\t\t<div class=\"post-meta-list\">\n\t\t\t\t\t\t\t\t\t\t\t\t\t<\/div>\n\t\t\t\t\t\t\t\t\t\t\t\t\t\n\t\t\t\t\t\t\t\t\n\t\t\t\t\t\t\t\t\t\t\t\t\t\t\t\t\t\t\t\t\t\t\t\t\t\t\t\t\t\t\t\t\t\t\t\t\t\t\t<p>RESE7 est l'acronyme de Direction, Energy, Shift et Essence et part d'une id\u00e9e simple : le v\u00e9ritable changement se produit lorsque les tensions s'apaisent et que votre syst\u00e8me retrouve de l'espace. Ce n'est pas en travaillant plus fort...<\/p>\n\t\t\t\t\t\t\t\t\t\t\t\t\t\t\t\t\t\t\t\t\t\t                                                            <div class=\"btn-wraper\">\n                                    \n                                                                            <a class=\"elementskit-btn whitespace--normal\" id=\"\" href=\"https:\/\/barbarajansen.be\/fr\/wat-is-rese7\/\">\n                                        \t                                            Lire ce blog                                        <\/a>\n                                                                    <\/div>\n                                                    <\/div><!-- .elementskit-post-body END -->\n                    <\/div>\n                \n            <\/div>\n                    <div class=\"col-lg-4 col-md-6\">\n\n                                    <div class=\"elementskit-post-image-card\">\n                        <div class=\"elementskit-entry-header\">\n                                                            <a href=\"https:\/\/barbarajansen.be\/fr\/waarom-quick-fixes-zelden-werken-bij-stress\/\" class=\"elementskit-entry-thumb\">\n                                    <img decoding=\"async\" src=\"https:\/\/barbarajansen.be\/wp-content\/uploads\/2025\/12\/5353dc73-a92b-4b81-be6a-a8e49e97db65-1024x683.webp\" alt=\"Waarom quick fixes zelden werken bij stress\">\n                                <\/a><!-- .elementskit-entry-thumb END -->\n                                                            \n                            \n\t\t\t\t\t\t\t\t\t\t\t\t\t<\/div><!-- .elementskit-entry-header END -->\n\n\t\t\t\t\t\t<div class=\"elementskit-post-body\">\n\t\t\t\t\t\t\t\t\t\t\t\t\t\t\t\t\t\t\t\t<h2 class=\"entry-title\">\n\t\t\t\t\t<a href=\"https:\/\/barbarajansen.be\/fr\/waarom-quick-fixes-zelden-werken-bij-stress\/\">\n\t\t\t\t\t\tPourquoi les solutions rapides sont rarement efficaces contre le stress\t\t\t\t\t<\/a>\n\t\t\t\t<\/h2>\n\t\t\t\t\t\t\t\t\t\t\t\n\t\t\t\t\t\t\t\t\t\t\t\t\t\t\t\t\t\t\t\t\t\t\t\t\t\t\t\t<div class=\"post-meta-list\">\n\t\t\t\t\t\t\t\t\t\t\t\t\t<\/div>\n\t\t\t\t\t\t\t\t\t\t\t\t\t\n\t\t\t\t\t\t\t\t\n\t\t\t\t\t\t\t\t\t\t\t\t\t\t\t\t\t\t\t\t\t\t\t\t\t\t\t\t\t\t\t\t\t\t\t\t\t\t\t<p>Nous aimerions que le probl\u00e8me soit r\u00e9solu rapidement. La tension dispara\u00eet. La t\u00eate plus calme. Pouvoir dormir \u00e0 nouveau, mieux se concentrer, \u00eatre moins irritable. Nous nous tournons alors vers ce qui promet un soulagement rapide :...<\/p>\n\t\t\t\t\t\t\t\t\t\t\t\t\t\t\t\t\t\t\t\t\t\t                                                            <div class=\"btn-wraper\">\n                                    \n                                                                            <a class=\"elementskit-btn whitespace--normal\" id=\"\" href=\"https:\/\/barbarajansen.be\/fr\/waarom-quick-fixes-zelden-werken-bij-stress\/\">\n                                        \t                                            Lire ce blog                                        <\/a>\n                                                                    <\/div>\n                                                    <\/div><!-- .elementskit-post-body END -->\n                    <\/div>\n                \n            <\/div>\n                    <div class=\"col-lg-4 col-md-6\">\n\n                                    <div class=\"elementskit-post-image-card\">\n                        <div class=\"elementskit-entry-header\">\n                                                            <a href=\"https:\/\/barbarajansen.be\/fr\/waarom-stress-je-tegenhoudt\/\" class=\"elementskit-entry-thumb\">\n                                    <img decoding=\"async\" src=\"https:\/\/barbarajansen.be\/wp-content\/uploads\/2025\/11\/wat-is-stress-1024x683.png\" alt=\"Waarom stress je tegenhoudt\">\n                                <\/a><!-- .elementskit-entry-thumb END -->\n                                                            \n                            \n\t\t\t\t\t\t\t\t\t\t\t\t\t<\/div><!-- .elementskit-entry-header END -->\n\n\t\t\t\t\t\t<div class=\"elementskit-post-body\">\n\t\t\t\t\t\t\t\t\t\t\t\t\t\t\t\t\t\t\t\t<h2 class=\"entry-title\">\n\t\t\t\t\t<a href=\"https:\/\/barbarajansen.be\/fr\/waarom-stress-je-tegenhoudt\/\">\n\t\t\t\t\t\tPourquoi le stress freine votre progression\t\t\t\t\t<\/a>\n\t\t\t\t<\/h2>\n\t\t\t\t\t\t\t\t\t\t\t\n\t\t\t\t\t\t\t\t\t\t\t\t\t\t\t\t\t\t\t\t\t\t\t\t\t\t\t\t<div class=\"post-meta-list\">\n\t\t\t\t\t\t\t\t\t\t\t\t\t<\/div>\n\t\t\t\t\t\t\t\t\t\t\t\t\t\n\t\t\t\t\t\t\t\t\n\t\t\t\t\t\t\t\t\t\t\t\t\t\t\t\t\t\t\t\t\t\t\t\t\t\t\t\t\t\t\t\t\t\t\t\t\t\t\t<p>Le stress s'annonce rarement de mani\u00e8re bruyante. Il s'insinue souvent pendant que vous continuez \u00e0 fonctionner, \u00e0 aller de l'avant et \u00e0 faire ce que l'on vous demande. Vous faites ce qui doit \u00eatre fait, vous...<\/p>\n\t\t\t\t\t\t\t\t\t\t\t\t\t\t\t\t\t\t\t\t\t\t                                                            <div class=\"btn-wraper\">\n                                    \n                                                                            <a class=\"elementskit-btn whitespace--normal\" id=\"\" href=\"https:\/\/barbarajansen.be\/fr\/waarom-stress-je-tegenhoudt\/\">\n                                        \t                                            Lire ce blog                                        <\/a>\n                                                                    <\/div>\n                                                    <\/div><!-- .elementskit-post-body END -->\n                    <\/div>\n                \n            <\/div>\n                    <div class=\"col-lg-4 col-md-6\">\n\n                                    <div class=\"elementskit-post-image-card\">\n                        <div class=\"elementskit-entry-header\">\n                                                            <a href=\"https:\/\/barbarajansen.be\/fr\/leiderschap-onder-druk-wat-er-gebeurt-wanneer-alles-op-jou-aankomt\/\" class=\"elementskit-entry-thumb\">\n                                    <img decoding=\"async\" src=\"https:\/\/barbarajansen.be\/wp-content\/uploads\/2025\/11\/93ea433d-dfc3-47ce-99ec-5ddbd5664535-1024x683.webp\" alt=\"Leiderschap onder druk: wat er gebeurt wanneer alles op jou aankomt\">\n                                <\/a><!-- .elementskit-entry-thumb END -->\n                                                            \n                            \n\t\t\t\t\t\t\t\t\t\t\t\t\t<\/div><!-- .elementskit-entry-header END -->\n\n\t\t\t\t\t\t<div class=\"elementskit-post-body\">\n\t\t\t\t\t\t\t\t\t\t\t\t\t\t\t\t\t\t\t\t<h2 class=\"entry-title\">\n\t\t\t\t\t<a href=\"https:\/\/barbarajansen.be\/fr\/leiderschap-onder-druk-wat-er-gebeurt-wanneer-alles-op-jou-aankomt\/\">\n\t\t\t\t\t\tLEADERSHIP SOUS PRESSION : QUE SE PASSE-T-IL LORSQUE TOUT REPOSE SUR VOUS ?\t\t\t\t\t<\/a>\n\t\t\t\t<\/h2>\n\t\t\t\t\t\t\t\t\t\t\t\n\t\t\t\t\t\t\t\t\t\t\t\t\t\t\t\t\t\t\t\t\t\t\t\t\t\t\t\t<div class=\"post-meta-list\">\n\t\t\t\t\t\t\t\t\t\t\t\t\t<\/div>\n\t\t\t\t\t\t\t\t\t\t\t\t\t\n\t\t\t\t\t\t\t\t\n\t\t\t\t\t\t\t\t\t\t\t\t\t\t\t\t\t\t\t\t\t\t\t\t\t\t\t\t\t\t\t\t\t\t\t\t\t\t\t<p>Le leadership se manifeste r\u00e9ellement lorsque la pression est forte. Non pas lorsque tout va bien, mais lorsque la tension monte, que les d\u00e9cisions deviennent difficiles \u00e0 prendre et que les attentes s'accumulent. \u00c0 ce moment-l\u00e0, il s'av\u00e8re que...<\/p>\n\t\t\t\t\t\t\t\t\t\t\t\t\t\t\t\t\t\t\t\t\t\t                                                            <div class=\"btn-wraper\">\n                                    \n                                                                            <a class=\"elementskit-btn whitespace--normal\" id=\"\" href=\"https:\/\/barbarajansen.be\/fr\/leiderschap-onder-druk-wat-er-gebeurt-wanneer-alles-op-jou-aankomt\/\">\n                                        \t                                            Lire ce blog                                        <\/a>\n                                                                    <\/div>\n                                                    <\/div><!-- .elementskit-post-body END -->\n                    <\/div>\n                \n            <\/div>\n                <\/div>\n       <\/div>\t\t\t\t<\/div>\n\t\t\t\t\t<\/div>\n\t\t\t\t<\/div>\n\t\t\t\t<\/div>","protected":false},"excerpt":{"rendered":"<p>Barbara&#8217;s blog Waarom quick fixes zelden werken bij stress We willen het graag snel opgelost zien. De spanning weg. Het hoofd rustiger. Weer kunnen slapen, beter focussen, minder prikkelbaar zijn. En dus grijpen we naar wat snel verlichting belooft:&hellip; Lees deze blog Waarom stress je tegenhoudt Stress kondigt zich zelden luid aan. Vaak sluipt het [&hellip;]<\/p>\n","protected":false},"author":1,"featured_media":0,"parent":0,"menu_order":0,"comment_status":"closed","ping_status":"closed","template":"elementor_header_footer","meta":{"footnotes":""},"class_list":["post-544","page","type-page","status-publish","hentry"],"yoast_head":"<!-- This site is optimized with the Yoast SEO plugin v27.4 - https:\/\/yoast.com\/product\/yoast-seo-wordpress\/ -->\n<title>Blog - Leer blij over stress, succes en leiderschap<\/title>\n<meta name=\"description\" content=\"Interessante blogs over RESE7, stressmanagement, leiderschap en nog heel wat andere topics. Vanuit expertise en ervaring.\" \/>\n<meta name=\"robots\" content=\"index, follow, max-snippet:-1, max-image-preview:large, max-video-preview:-1\" \/>\n<link rel=\"canonical\" href=\"https:\/\/barbarajansen.be\/fr\/blog\/\" \/>\n<meta property=\"og:locale\" content=\"fr_FR\" \/>\n<meta property=\"og:type\" content=\"article\" \/>\n<meta property=\"og:title\" content=\"Blog - Leer blij over stress, succes en leiderschap\" \/>\n<meta property=\"og:description\" content=\"Interessante blogs over RESE7, stressmanagement, leiderschap en nog heel wat andere topics. Vanuit expertise en ervaring.\" \/>\n<meta property=\"og:url\" content=\"https:\/\/barbarajansen.be\/fr\/blog\/\" \/>\n<meta property=\"og:site_name\" content=\"barbarajansen.be\" \/>\n<meta property=\"article:modified_time\" content=\"2026-01-09T16:28:21+00:00\" \/>\n<meta property=\"og:image\" content=\"https:\/\/barbarajansen.be\/wp-content\/uploads\/2025\/12\/5353dc73-a92b-4b81-be6a-a8e49e97db65-1024x683.webp\" \/>\n<meta name=\"twitter:card\" content=\"summary_large_image\" \/>\n<meta name=\"twitter:label1\" content=\"Dur\u00e9e de lecture estim\u00e9e\" \/>\n\t<meta name=\"twitter:data1\" content=\"2 minutes\" \/>\n<script type=\"application\/ld+json\" class=\"yoast-schema-graph\">{\"@context\":\"https:\\\/\\\/schema.org\",\"@graph\":[{\"@type\":\"WebPage\",\"@id\":\"https:\\\/\\\/barbarajansen.be\\\/blog\\\/\",\"url\":\"https:\\\/\\\/barbarajansen.be\\\/blog\\\/\",\"name\":\"Blog - Leer blij over stress, succes en leiderschap\",\"isPartOf\":{\"@id\":\"https:\\\/\\\/barbarajansen.be\\\/#website\"},\"primaryImageOfPage\":{\"@id\":\"https:\\\/\\\/barbarajansen.be\\\/blog\\\/#primaryimage\"},\"image\":{\"@id\":\"https:\\\/\\\/barbarajansen.be\\\/blog\\\/#primaryimage\"},\"thumbnailUrl\":\"https:\\\/\\\/barbarajansen.be\\\/wp-content\\\/uploads\\\/2025\\\/12\\\/5353dc73-a92b-4b81-be6a-a8e49e97db65-1024x683.webp\",\"datePublished\":\"2025-12-01T10:02:20+00:00\",\"dateModified\":\"2026-01-09T16:28:21+00:00\",\"description\":\"Interessante blogs over RESE7, stressmanagement, leiderschap en nog heel wat andere topics. Vanuit expertise en ervaring.\",\"breadcrumb\":{\"@id\":\"https:\\\/\\\/barbarajansen.be\\\/blog\\\/#breadcrumb\"},\"inLanguage\":\"fr-FR\",\"potentialAction\":[{\"@type\":\"ReadAction\",\"target\":[\"https:\\\/\\\/barbarajansen.be\\\/blog\\\/\"]}]},{\"@type\":\"ImageObject\",\"inLanguage\":\"fr-FR\",\"@id\":\"https:\\\/\\\/barbarajansen.be\\\/blog\\\/#primaryimage\",\"url\":\"https:\\\/\\\/barbarajansen.be\\\/wp-content\\\/uploads\\\/2025\\\/12\\\/5353dc73-a92b-4b81-be6a-a8e49e97db65-1024x683.webp\",\"contentUrl\":\"https:\\\/\\\/barbarajansen.be\\\/wp-content\\\/uploads\\\/2025\\\/12\\\/5353dc73-a92b-4b81-be6a-a8e49e97db65-1024x683.webp\"},{\"@type\":\"BreadcrumbList\",\"@id\":\"https:\\\/\\\/barbarajansen.be\\\/blog\\\/#breadcrumb\",\"itemListElement\":[{\"@type\":\"ListItem\",\"position\":1,\"name\":\"Home\",\"item\":\"https:\\\/\\\/barbarajansen.be\\\/\"},{\"@type\":\"ListItem\",\"position\":2,\"name\":\"Blog\"}]},{\"@type\":\"WebSite\",\"@id\":\"https:\\\/\\\/barbarajansen.be\\\/#website\",\"url\":\"https:\\\/\\\/barbarajansen.be\\\/\",\"name\":\"barbarajansen.be\",\"description\":\"\",\"potentialAction\":[{\"@type\":\"SearchAction\",\"target\":{\"@type\":\"EntryPoint\",\"urlTemplate\":\"https:\\\/\\\/barbarajansen.be\\\/?s={search_term_string}\"},\"query-input\":{\"@type\":\"PropertyValueSpecification\",\"valueRequired\":true,\"valueName\":\"search_term_string\"}}],\"inLanguage\":\"fr-FR\"}]}<\/script>\n<!-- \/ Yoast SEO plugin. -->","yoast_head_json":{"title":"Blog - Leer blij over stress, succes en leiderschap","description":"Interessante blogs over RESE7, stressmanagement, leiderschap en nog heel wat andere topics. Vanuit expertise en ervaring.","robots":{"index":"index","follow":"follow","max-snippet":"max-snippet:-1","max-image-preview":"max-image-preview:large","max-video-preview":"max-video-preview:-1"},"canonical":"https:\/\/barbarajansen.be\/fr\/blog\/","og_locale":"fr_FR","og_type":"article","og_title":"Blog - Leer blij over stress, succes en leiderschap","og_description":"Interessante blogs over RESE7, stressmanagement, leiderschap en nog heel wat andere topics. Vanuit expertise en ervaring.","og_url":"https:\/\/barbarajansen.be\/fr\/blog\/","og_site_name":"barbarajansen.be","article_modified_time":"2026-01-09T16:28:21+00:00","og_image":[{"url":"https:\/\/barbarajansen.be\/wp-content\/uploads\/2025\/12\/5353dc73-a92b-4b81-be6a-a8e49e97db65-1024x683.webp","type":"","width":"","height":""}],"twitter_card":"summary_large_image","twitter_misc":{"Dur\u00e9e de lecture estim\u00e9e":"2 minutes"},"schema":{"@context":"https:\/\/schema.org","@graph":[{"@type":"WebPage","@id":"https:\/\/barbarajansen.be\/blog\/","url":"https:\/\/barbarajansen.be\/blog\/","name":"Blog - Leer blij over stress, succes en leiderschap","isPartOf":{"@id":"https:\/\/barbarajansen.be\/#website"},"primaryImageOfPage":{"@id":"https:\/\/barbarajansen.be\/blog\/#primaryimage"},"image":{"@id":"https:\/\/barbarajansen.be\/blog\/#primaryimage"},"thumbnailUrl":"https:\/\/barbarajansen.be\/wp-content\/uploads\/2025\/12\/5353dc73-a92b-4b81-be6a-a8e49e97db65-1024x683.webp","datePublished":"2025-12-01T10:02:20+00:00","dateModified":"2026-01-09T16:28:21+00:00","description":"Interessante blogs over RESE7, stressmanagement, leiderschap en nog heel wat andere topics. Vanuit expertise en ervaring.","breadcrumb":{"@id":"https:\/\/barbarajansen.be\/blog\/#breadcrumb"},"inLanguage":"fr-FR","potentialAction":[{"@type":"ReadAction","target":["https:\/\/barbarajansen.be\/blog\/"]}]},{"@type":"ImageObject","inLanguage":"fr-FR","@id":"https:\/\/barbarajansen.be\/blog\/#primaryimage","url":"https:\/\/barbarajansen.be\/wp-content\/uploads\/2025\/12\/5353dc73-a92b-4b81-be6a-a8e49e97db65-1024x683.webp","contentUrl":"https:\/\/barbarajansen.be\/wp-content\/uploads\/2025\/12\/5353dc73-a92b-4b81-be6a-a8e49e97db65-1024x683.webp"},{"@type":"BreadcrumbList","@id":"https:\/\/barbarajansen.be\/blog\/#breadcrumb","itemListElement":[{"@type":"ListItem","position":1,"name":"Home","item":"https:\/\/barbarajansen.be\/"},{"@type":"ListItem","position":2,"name":"Blog"}]},{"@type":"WebSite","@id":"https:\/\/barbarajansen.be\/#website","url":"https:\/\/barbarajansen.be\/","name":"barbarajansen.be","description":"","potentialAction":[{"@type":"SearchAction","target":{"@type":"EntryPoint","urlTemplate":"https:\/\/barbarajansen.be\/?s={search_term_string}"},"query-input":{"@type":"PropertyValueSpecification","valueRequired":true,"valueName":"search_term_string"}}],"inLanguage":"fr-FR"}]}},"_links":{"self":[{"href":"https:\/\/barbarajansen.be\/fr\/wp-json\/wp\/v2\/pages\/544","targetHints":{"allow":["GET"]}}],"collection":[{"href":"https:\/\/barbarajansen.be\/fr\/wp-json\/wp\/v2\/pages"}],"about":[{"href":"https:\/\/barbarajansen.be\/fr\/wp-json\/wp\/v2\/types\/page"}],"author":[{"embeddable":true,"href":"https:\/\/barbarajansen.be\/fr\/wp-json\/wp\/v2\/users\/1"}],"replies":[{"embeddable":true,"href":"https:\/\/barbarajansen.be\/fr\/wp-json\/wp\/v2\/comments?post=544"}],"version-history":[{"count":22,"href":"https:\/\/barbarajansen.be\/fr\/wp-json\/wp\/v2\/pages\/544\/revisions"}],"predecessor-version":[{"id":1160,"href":"https:\/\/barbarajansen.be\/fr\/wp-json\/wp\/v2\/pages\/544\/revisions\/1160"}],"wp:attachment":[{"href":"https:\/\/barbarajansen.be\/fr\/wp-json\/wp\/v2\/media?parent=544"}],"curies":[{"name":"wp","href":"https:\/\/api.w.org\/{rel}","templated":true}]}}